{"id":2663,"date":"2024-10-22T23:53:25","date_gmt":"2024-10-23T02:53:25","guid":{"rendered":"http:\/\/3.237.99.200\/?page_id=2663"},"modified":"2024-11-05T11:02:54","modified_gmt":"2024-11-05T14:02:54","slug":"empresarial","status":"publish","type":"page","link":"https:\/\/www.mmadvs.com\/en\/empresarial\/","title":{"rendered":"Business"},"content":{"rendered":"<div data-elementor-type=\"wp-page\" data-elementor-id=\"2663\" class=\"elementor elementor-2663\" data-elementor-post-type=\"page\">\n\t\t\t\t\t\t<section class=\"elementor-section elementor-top-section elementor-element elementor-element-1da9f7a elementor-section-content-bottom elementor-section-height-full elementor-section-boxed elementor-section-height-default elementor-section-items-middle\" data-id=\"1da9f7a\" data-element_type=\"section\" data-e-type=\"section\" data-settings=\"{&quot;background_background&quot;:&quot;classic&quot;}\">\n\t\t\t\t\t\t\t<div class=\"elementor-background-overlay\"><\/div>\n\t\t\t\t\t\t\t<div class=\"elementor-container elementor-column-gap-default\">\n\t\t\t\t\t<div class=\"elementor-column elementor-col-100 elementor-top-column elementor-element elementor-element-e52d1cd\" data-id=\"e52d1cd\" data-element_type=\"column\" data-e-type=\"column\">\n\t\t\t<div class=\"elementor-widget-wrap elementor-element-populated\">\n\t\t\t\t\t\t<section class=\"elementor-section elementor-inner-section elementor-element elementor-element-22af87b elementor-section-boxed elementor-section-height-default elementor-section-height-default\" data-id=\"22af87b\" data-element_type=\"section\" data-e-type=\"section\">\n\t\t\t\t\t\t<div class=\"elementor-container elementor-column-gap-default\">\n\t\t\t\t\t<div class=\"elementor-column elementor-col-100 elementor-inner-column elementor-element elementor-element-57d2cb2\" data-id=\"57d2cb2\" data-element_type=\"column\" data-e-type=\"column\">\n\t\t\t<div class=\"elementor-widget-wrap elementor-element-populated\">\n\t\t\t\t\t\t<div class=\"elementor-element elementor-element-b72fc38 elementor-widget elementor-widget-int-sec-title\" data-id=\"b72fc38\" data-element_type=\"widget\" data-e-type=\"widget\" data-widget_type=\"int-sec-title.default\">\n\t\t\t\t<div class=\"elementor-widget-container\">\n\t\t\t\t\t                <div class=\"sec-title sec-title--law\">\r\n                            <span class=\"subtitle\">Tailor-made solutions<\/span>\r\n                            <h2 class=\"title\">Business<\/h2>\r\n                            <p>Select an area of activity to find out more about our services.<\/p>\r\n                    <\/div>\r\n    \t\t\t\t<\/div>\n\t\t\t\t<\/div>\n\t\t\t\t\t<\/div>\n\t\t<\/div>\n\t\t\t\t\t<\/div>\n\t\t<\/section>\n\t\t\t\t<section class=\"elementor-section elementor-inner-section elementor-element elementor-element-51bdfb6 elementor-section-boxed elementor-section-height-default elementor-section-height-default\" data-id=\"51bdfb6\" data-element_type=\"section\" data-e-type=\"section\">\n\t\t\t\t\t\t<div class=\"elementor-container elementor-column-gap-default\">\n\t\t\t\t\t<div class=\"elementor-column elementor-col-33 elementor-inner-column elementor-element elementor-element-f7a36c2\" data-id=\"f7a36c2\" data-element_type=\"column\" data-e-type=\"column\">\n\t\t\t<div class=\"elementor-widget-wrap elementor-element-populated\">\n\t\t\t\t\t\t<div class=\"elementor-element elementor-element-1646d16 elementor-widget elementor-widget-int-button\" data-id=\"1646d16\" data-element_type=\"widget\" data-e-type=\"widget\" data-widget_type=\"int-button.default\">\n\t\t\t\t<div class=\"elementor-widget-container\">\n\t\t\t\t\t                <a class=\"xb-btn xb-btn--business\"\r\n           href=\"https:\/\/www.mmadvs.com\/en\/trabalhista-empresarial\/\" >\r\n            <div class=\"btn-anim-wrap\">\r\n                <span class=\"button-text\">Corporate labor<\/span>\r\n                <span class=\"button-text\">Corporate labor<\/span>\r\n            <\/div>\r\n        <\/a>\r\n    \t\t\t\t<\/div>\n\t\t\t\t<\/div>\n\t\t\t\t\t<\/div>\n\t\t<\/div>\n\t\t\t\t<div class=\"elementor-column elementor-col-33 elementor-inner-column elementor-element elementor-element-175bf2e\" data-id=\"175bf2e\" data-element_type=\"column\" data-e-type=\"column\">\n\t\t\t<div class=\"elementor-widget-wrap elementor-element-populated\">\n\t\t\t\t\t\t<div class=\"elementor-element elementor-element-b0b87c3 elementor-widget elementor-widget-int-button\" data-id=\"b0b87c3\" data-element_type=\"widget\" data-e-type=\"widget\" data-widget_type=\"int-button.default\">\n\t\t\t\t<div class=\"elementor-widget-container\">\n\t\t\t\t\t                <a class=\"xb-btn xb-btn--business\"\r\n           href=\"https:\/\/www.mmadvs.com\/en\/sindical\/\" >\r\n            <div class=\"btn-anim-wrap\">\r\n                <span class=\"button-text\">Labor Unions<\/span>\r\n                <span class=\"button-text\">Labor Unions<\/span>\r\n            <\/div>\r\n        <\/a>\r\n    \t\t\t\t<\/div>\n\t\t\t\t<\/div>\n\t\t\t\t\t<\/div>\n\t\t<\/div>\n\t\t\t\t<div class=\"elementor-column elementor-col-33 elementor-inner-column elementor-element elementor-element-9215426\" data-id=\"9215426\" data-element_type=\"column\" data-e-type=\"column\">\n\t\t\t<div class=\"elementor-widget-wrap elementor-element-populated\">\n\t\t\t\t\t\t<div class=\"elementor-element elementor-element-2d23981 elementor-widget elementor-widget-int-button\" data-id=\"2d23981\" data-element_type=\"widget\" data-e-type=\"widget\" data-widget_type=\"int-button.default\">\n\t\t\t\t<div class=\"elementor-widget-container\">\n\t\t\t\t\t                <a class=\"xb-btn xb-btn--business\"\r\n           href=\"https:\/\/www.mmadvs.com\/en\/previdenciario\/\" >\r\n            <div class=\"btn-anim-wrap\">\r\n                <span class=\"button-text\">Labor and Social Security<\/span>\r\n                <span class=\"button-text\">Labor and Social Security<\/span>\r\n            <\/div>\r\n        <\/a>\r\n    \t\t\t\t<\/div>\n\t\t\t\t<\/div>\n\t\t\t\t\t<\/div>\n\t\t<\/div>\n\t\t\t\t\t<\/div>\n\t\t<\/section>\n\t\t\t\t\t<\/div>\n\t\t<\/div>\n\t\t\t\t\t<\/div>\n\t\t<\/section>\n\t\t\t\t<section class=\"elementor-section elementor-top-section elementor-element elementor-element-5e4b0ff elementor-section-full_width elementor-section-height-default elementor-section-height-default\" data-id=\"5e4b0ff\" data-element_type=\"section\" data-e-type=\"section\" id=\"tagempresarial\" data-settings=\"{&quot;background_background&quot;:&quot;classic&quot;}\">\n\t\t\t\t\t\t<div class=\"elementor-container elementor-column-gap-no\">\n\t\t\t\t\t<div class=\"elementor-column elementor-col-100 elementor-top-column elementor-element elementor-element-5605f12\" data-id=\"5605f12\" data-element_type=\"column\" data-e-type=\"column\">\n\t\t\t<div class=\"elementor-widget-wrap elementor-element-populated\">\n\t\t\t\t\t\t<section class=\"elementor-section elementor-inner-section elementor-element elementor-element-4ef5908 elementor-section-content-bottom elementor-section-boxed elementor-section-height-default elementor-section-height-default\" data-id=\"4ef5908\" data-element_type=\"section\" data-e-type=\"section\">\n\t\t\t\t\t\t<div class=\"elementor-container elementor-column-gap-default\">\n\t\t\t\t\t<div class=\"elementor-column elementor-col-33 elementor-inner-column elementor-element elementor-element-a4a1f17\" data-id=\"a4a1f17\" data-element_type=\"column\" data-e-type=\"column\">\n\t\t\t<div class=\"elementor-widget-wrap\">\n\t\t\t\t\t\t\t<\/div>\n\t\t<\/div>\n\t\t\t\t<div class=\"elementor-column elementor-col-33 elementor-inner-column elementor-element elementor-element-357961b\" data-id=\"357961b\" data-element_type=\"column\" data-e-type=\"column\">\n\t\t\t<div class=\"elementor-widget-wrap elementor-element-populated\">\n\t\t\t\t\t\t<div class=\"elementor-element elementor-element-9cd6141 elementor-widget elementor-widget-int-sec-title\" data-id=\"9cd6141\" data-element_type=\"widget\" data-e-type=\"widget\" data-widget_type=\"int-sec-title.default\">\n\t\t\t\t<div class=\"elementor-widget-container\">\n\t\t\t\t\t                <div class=\"sec-title sec-title--law\">\r\n                            <span class=\"subtitle\">Tailor-made legal advice<\/span>\r\n                            <h2 class=\"title\">Business<\/h2>\r\n                            <p>We ensure that our clients are always one step ahead with customized solutions, from contracts to audits and innovative legal operations.<\/p>\r\n                    <\/div>\r\n    \t\t\t\t<\/div>\n\t\t\t\t<\/div>\n\t\t\t\t\t<\/div>\n\t\t<\/div>\n\t\t\t\t<div class=\"elementor-column elementor-col-33 elementor-inner-column elementor-element elementor-element-6489cf9\" data-id=\"6489cf9\" data-element_type=\"column\" data-e-type=\"column\">\n\t\t\t<div class=\"elementor-widget-wrap\">\n\t\t\t\t\t\t\t<\/div>\n\t\t<\/div>\n\t\t\t\t\t<\/div>\n\t\t<\/section>\n\t\t\t\t<section class=\"elementor-section elementor-inner-section elementor-element elementor-element-772ad11 elementor-section-boxed elementor-section-height-default elementor-section-height-default\" data-id=\"772ad11\" data-element_type=\"section\" data-e-type=\"section\">\n\t\t\t\t\t\t<div class=\"elementor-container elementor-column-gap-default\">\n\t\t\t\t\t<div class=\"elementor-column elementor-col-100 elementor-inner-column elementor-element elementor-element-8988c73\" data-id=\"8988c73\" data-element_type=\"column\" data-e-type=\"column\">\n\t\t\t<div class=\"elementor-widget-wrap elementor-element-populated\">\n\t\t\t\t\t\t<div class=\"elementor-element elementor-element-85597fd elementor-widget elementor-widget-global elementor-global-2986 elementor-widget-int-service-v4\" data-id=\"85597fd\" data-element_type=\"widget\" data-e-type=\"widget\" data-widget_type=\"int-service-v4.default\">\n\t\t\t\t<div class=\"elementor-widget-container\">\n\t\t\t\t\t        <div class=\"lw-service-wrap\">\r\n            <div class=\"row justify-content-center g-0\">\r\n                                    <div class=\"col-xl-3 col-lg-4 col-md-6\">\r\n                        <div class=\"lw-service\">\r\n                            <div class=\"xb-item--inner\">\r\n                                <div class=\"xb-item--holder\">\r\n                                                                            <div class=\"xb-item--icon\">\r\n                                            <img decoding=\"async\" width=\"150\" height=\"150\" src=\"https:\/\/www.mmadvs.com\/wp-content\/uploads\/2024\/10\/007-briefcase.svg\" class=\"attachment-thumbnail size-thumbnail\" alt=\"\" \/>                                        <\/div>\r\n                                                                                                                <h3 class=\"xb-item--title\">Labor planning<\/h3>\r\n                                                                                                                <a class=\"xb-item--link\" href=\"https:\/\/www.mmadvs.com\/en\/planejamento-trabalhista\/\">learn more <span><\/span><\/a>\r\n                                                                        <a class=\"xb-overlay xb-overlay-link\" href=\"https:\/\/www.mmadvs.com\/en\/planejamento-trabalhista\/\"><\/a>\r\n                                <\/div>\r\n                            <\/div>\r\n                        <\/div>\r\n                    <\/div>\r\n                                    <div class=\"col-xl-3 col-lg-4 col-md-6\">\r\n                        <div class=\"lw-service\">\r\n                            <div class=\"xb-item--inner\">\r\n                                <div class=\"xb-item--holder\">\r\n                                                                            <div class=\"xb-item--icon\">\r\n                                            <img decoding=\"async\" width=\"150\" height=\"150\" src=\"https:\/\/www.mmadvs.com\/wp-content\/uploads\/2024\/10\/043-legal.svg\" class=\"attachment-thumbnail size-thumbnail\" alt=\"\" \/>                                        <\/div>\r\n                                                                                                                <h3 class=\"xb-item--title\">Daily Consultations and Opinions<\/h3>\r\n                                                                                                                <a class=\"xb-item--link\" href=\"https:\/\/www.mmadvs.com\/en\/consultas-diarias-e-pareceres\/\">learn more <span><\/span><\/a>\r\n                                                                        <a class=\"xb-overlay xb-overlay-link\" href=\"https:\/\/www.mmadvs.com\/en\/consultas-diarias-e-pareceres\/\"><\/a>\r\n                                <\/div>\r\n                            <\/div>\r\n                        <\/div>\r\n                    <\/div>\r\n                                    <div class=\"col-xl-3 col-lg-4 col-md-6\">\r\n                        <div class=\"lw-service\">\r\n                            <div class=\"xb-item--inner\">\r\n                                <div class=\"xb-item--holder\">\r\n                                                                            <div class=\"xb-item--icon\">\r\n                                            <img decoding=\"async\" width=\"150\" height=\"150\" src=\"https:\/\/www.mmadvs.com\/wp-content\/uploads\/2024\/10\/008-contract.svg\" class=\"attachment-thumbnail size-thumbnail\" alt=\"\" \/>                                        <\/div>\r\n                                                                                                                <h3 class=\"xb-item--title\">Contracts<\/h3>\r\n                                                                                                                <a class=\"xb-item--link\" href=\"https:\/\/www.mmadvs.com\/en\/contratos\/\">learn more <span><\/span><\/a>\r\n                                                                        <a class=\"xb-overlay xb-overlay-link\" href=\"https:\/\/www.mmadvs.com\/en\/contratos\/\"><\/a>\r\n                                <\/div>\r\n                            <\/div>\r\n                        <\/div>\r\n                    <\/div>\r\n                                    <div class=\"col-xl-3 col-lg-4 col-md-6\">\r\n                        <div class=\"lw-service\">\r\n                            <div class=\"xb-item--inner\">\r\n                                <div class=\"xb-item--holder\">\r\n                                                                            <div class=\"xb-item--icon\">\r\n                                            <img loading=\"lazy\" decoding=\"async\" width=\"150\" height=\"150\" src=\"https:\/\/www.mmadvs.com\/wp-content\/uploads\/2024\/10\/031-social.svg\" class=\"attachment-thumbnail size-thumbnail\" alt=\"\" \/>                                        <\/div>\r\n                                                                                                                <h3 class=\"xb-item--title\">Training and Consulting<\/h3>\r\n                                                                                                                <a class=\"xb-item--link\" href=\"https:\/\/www.mmadvs.com\/en\/treinamento-e-consultoria\/\">learn more <span><\/span><\/a>\r\n                                                                        <a class=\"xb-overlay xb-overlay-link\" href=\"https:\/\/www.mmadvs.com\/en\/treinamento-e-consultoria\/\"><\/a>\r\n                                <\/div>\r\n                            <\/div>\r\n                        <\/div>\r\n                    <\/div>\r\n                                    <div class=\"col-xl-3 col-lg-4 col-md-6\">\r\n                        <div class=\"lw-service\">\r\n                            <div class=\"xb-item--inner\">\r\n                                <div class=\"xb-item--holder\">\r\n                                                                            <div class=\"xb-item--icon\">\r\n                                            <img loading=\"lazy\" decoding=\"async\" width=\"150\" height=\"150\" src=\"https:\/\/www.mmadvs.com\/wp-content\/uploads\/2024\/10\/022-research.svg\" class=\"attachment-thumbnail size-thumbnail\" alt=\"\" \/>                                        <\/div>\r\n                                                                                                                <h3 class=\"xb-item--title\">Auditing<\/h3>\r\n                                                                                                                <a class=\"xb-item--link\" href=\"https:\/\/www.mmadvs.com\/en\/auditorias\/\">learn more <span><\/span><\/a>\r\n                                                                        <a class=\"xb-overlay xb-overlay-link\" href=\"https:\/\/www.mmadvs.com\/en\/auditorias\/\"><\/a>\r\n                                <\/div>\r\n                            <\/div>\r\n                        <\/div>\r\n                    <\/div>\r\n                                    <div class=\"col-xl-3 col-lg-4 col-md-6\">\r\n                        <div class=\"lw-service\">\r\n                            <div class=\"xb-item--inner\">\r\n                                <div class=\"xb-item--holder\">\r\n                                                                            <div class=\"xb-item--icon\">\r\n                                            <img loading=\"lazy\" decoding=\"async\" width=\"150\" height=\"150\" src=\"https:\/\/www.mmadvs.com\/wp-content\/uploads\/2024\/10\/033-experienced.svg\" class=\"attachment-thumbnail size-thumbnail\" alt=\"\" \/>                                        <\/div>\r\n                                                                                                                <h3 class=\"xb-item--title\">Legal Operations\u00ae<\/h3>\r\n                                                                                                                <a class=\"xb-item--link\" href=\"https:\/\/www.mmadvs.com\/en\/legal-operations\/\">learn more <span><\/span><\/a>\r\n                                                                        <a class=\"xb-overlay xb-overlay-link\" href=\"https:\/\/www.mmadvs.com\/en\/legal-operations\/\"><\/a>\r\n                                <\/div>\r\n                            <\/div>\r\n                        <\/div>\r\n                    <\/div>\r\n                                    <div class=\"col-xl-3 col-lg-4 col-md-6\">\r\n                        <div class=\"lw-service\">\r\n                            <div class=\"xb-item--inner\">\r\n                                <div class=\"xb-item--holder\">\r\n                                                                            <div class=\"xb-item--icon\">\r\n                                            <img loading=\"lazy\" decoding=\"async\" width=\"150\" height=\"150\" src=\"https:\/\/www.mmadvs.com\/wp-content\/uploads\/2024\/10\/050-inheritance.svg\" class=\"attachment-thumbnail size-thumbnail\" alt=\"\" \/>                                        <\/div>\r\n                                                                                                                <h3 class=\"xb-item--title\">Tomahawk\u00ae<\/h3>\r\n                                                                                                                <a class=\"xb-item--link\" href=\"https:\/\/www.mmadvs.com\/en\/tomahawk\/\">learn more <span><\/span><\/a>\r\n                                                                        <a class=\"xb-overlay xb-overlay-link\" href=\"https:\/\/www.mmadvs.com\/en\/tomahawk\/\"><\/a>\r\n                                <\/div>\r\n                            <\/div>\r\n                        <\/div>\r\n                    <\/div>\r\n                                    <div class=\"col-xl-3 col-lg-4 col-md-6\">\r\n                        <div class=\"lw-service\">\r\n                            <div class=\"xb-item--inner\">\r\n                                <div class=\"xb-item--holder\">\r\n                                                                            <div class=\"xb-item--icon\">\r\n                                            <img loading=\"lazy\" decoding=\"async\" width=\"150\" height=\"150\" src=\"https:\/\/www.mmadvs.com\/wp-content\/uploads\/2024\/10\/046-strategy.svg\" class=\"attachment-thumbnail size-thumbnail\" alt=\"\" \/>                                        <\/div>\r\n                                                                                                                <h3 class=\"xb-item--title\">Golden Pill\u00ae<\/h3>\r\n                                                                                                                <a class=\"xb-item--link\" href=\"https:\/\/www.mmadvs.com\/en\/golden-pill\/\">learn more <span><\/span><\/a>\r\n                                                                        <a class=\"xb-overlay xb-overlay-link\" href=\"https:\/\/www.mmadvs.com\/en\/golden-pill\/\"><\/a>\r\n                                <\/div>\r\n                            <\/div>\r\n                        <\/div>\r\n                    <\/div>\r\n                            <\/div>\r\n        <\/div>\r\n\r\n        \t\t\t\t<\/div>\n\t\t\t\t<\/div>\n\t\t\t\t\t<\/div>\n\t\t<\/div>\n\t\t\t\t\t<\/div>\n\t\t<\/section>\n\t\t\t\t\t<\/div>\n\t\t<\/div>\n\t\t\t\t\t<\/div>\n\t\t<\/section>\n\t\t\t\t<\/div>","protected":false},"excerpt":{"rendered":"<p>Solu\u00e7\u00f5es Sob Medida Empresarial Selecione uma \u00e1rea de atua\u00e7\u00e3o para saber mais sobre nossos servi\u00e7os. Trabalhista empresarial Trabalhista empresarial Trabalhista Sindical Trabalhista Sindical Trabalhista Previdenci\u00e1rio Trabalhista Previdenci\u00e1rio Consultoria Jur\u00eddica Sob Medida Empresarial Garantimos que nossos clientes estejam sempre um passo \u00e0 frente, com solu\u00e7\u00f5es personalizadas, desde contratos at\u00e9 auditorias e opera\u00e7\u00f5es legais inovadoras. Planejamento Trabalhista [&hellip;]<\/p>","protected":false},"author":1,"featured_media":0,"parent":0,"menu_order":8,"comment_status":"closed","ping_status":"closed","template":"elementor_header_footer","meta":{"inline_featured_image":false,"_joinchat":[],"footnotes":""},"class_list":["post-2663","page","type-page","status-publish","hentry"],"_links":{"self":[{"href":"https:\/\/www.mmadvs.com\/en\/wp-json\/wp\/v2\/pages\/2663","targetHints":{"allow":["GET"]}}],"collection":[{"href":"https:\/\/www.mmadvs.com\/en\/wp-json\/wp\/v2\/pages"}],"about":[{"href":"https:\/\/www.mmadvs.com\/en\/wp-json\/wp\/v2\/types\/page"}],"author":[{"embeddable":true,"href":"https:\/\/www.mmadvs.com\/en\/wp-json\/wp\/v2\/users\/1"}],"replies":[{"embeddable":true,"href":"https:\/\/www.mmadvs.com\/en\/wp-json\/wp\/v2\/comments?post=2663"}],"version-history":[{"count":28,"href":"https:\/\/www.mmadvs.com\/en\/wp-json\/wp\/v2\/pages\/2663\/revisions"}],"predecessor-version":[{"id":3727,"href":"https:\/\/www.mmadvs.com\/en\/wp-json\/wp\/v2\/pages\/2663\/revisions\/3727"}],"wp:attachment":[{"href":"https:\/\/www.mmadvs.com\/en\/wp-json\/wp\/v2\/media?parent=2663"}],"curies":[{"name":"wp","href":"https:\/\/api.w.org\/{rel}","templated":true}]}}